{"id":8787,"date":"2022-09-06T11:49:32","date_gmt":"2022-09-06T11:49:32","guid":{"rendered":"https:\/\/uf-matasecercal.pt\/index.php\/cookie-policy\/"},"modified":"2024-12-08T11:35:46","modified_gmt":"2024-12-08T11:35:46","slug":"informacoes","status":"publish","type":"page","link":"https:\/\/uf-matasecercal.pt\/index.php\/informacoes\/","title":{"rendered":"Informa\u00e7\u00f5es"},"content":{"rendered":"\t\t<div data-elementor-type=\"wp-page\" data-elementor-id=\"8787\" class=\"elementor elementor-8787\" data-elementor-post-type=\"page\">\n\t\t\t\t<div class=\"elementor-element elementor-element-ce58485 e-grid e-con-boxed e-con e-parent\" data-id=\"ce58485\" data-element_type=\"container\">\n\t\t\t\t\t<div class=\"e-con-inner\">\n\t\t\t\t<div class=\"elementor-element elementor-element-4e39789 elementor-widget elementor-widget-text-editor\" data-id=\"4e39789\" data-element_type=\"widget\" data-widget_type=\"text-editor.default\">\n\t\t\t\t<div class=\"elementor-widget-container\">\n\t\t\t\t\t\t\t<h3>2024<\/h3><ul><li><a href=\"https:\/\/uf-matasecercal.pt\/wp-content\/uploads\/2024\/11\/Mapa-Pessoal-2024.pdf\">Mapa Pessoal 2024<\/a><\/li><li><a href=\"https:\/\/uf-matasecercal.pt\/wp-content\/uploads\/2024\/11\/Orcamento-2024.pdf\">Or\u00e7amento 2024<\/a><\/li><\/ul>\t\t\t\t\t\t<\/div>\n\t\t\t\t<\/div>\n\t\t\t\t<div class=\"elementor-element elementor-element-b696ca1 elementor-widget elementor-widget-text-editor\" data-id=\"b696ca1\" data-element_type=\"widget\" data-widget_type=\"text-editor.default\">\n\t\t\t\t<div class=\"elementor-widget-container\">\n\t\t\t\t\t\t\t<h3>2023<\/h3><ul><li><a href=\"https:\/\/uf-matasecercal.pt\/wp-content\/uploads\/2024\/11\/Conta-Gerencia-2023.pdf\">Conta Ger\u00eancia 2023<\/a><\/li><\/ul>\t\t\t\t\t\t<\/div>\n\t\t\t\t<\/div>\n\t\t\t\t<div class=\"elementor-element elementor-element-f7795a4 elementor-widget elementor-widget-text-editor\" data-id=\"f7795a4\" data-element_type=\"widget\" data-widget_type=\"text-editor.default\">\n\t\t\t\t<div class=\"elementor-widget-container\">\n\t\t\t\t\t\t\t<h3>2022<\/h3><ul><li><a href=\"https:\/\/uf-matasecercal.pt\/wp-content\/uploads\/2024\/11\/Conta-Gerencia-2022.pdf\">Conta Ger\u00eancia 2022<\/a><\/li><\/ul>\t\t\t\t\t\t<\/div>\n\t\t\t\t<\/div>\n\t\t\t\t\t<\/div>\n\t\t\t\t<\/div>\n\t\t\t\t<\/div>\n\t\t","protected":false},"excerpt":{"rendered":"<p>2024 Mapa Pessoal 2024 Or\u00e7amento 2024 2023 Conta Ger\u00eancia 2023 2022 Conta Ger\u00eancia 2022<\/p>\n","protected":false},"author":2,"featured_media":0,"parent":0,"menu_order":30,"comment_status":"closed","ping_status":"closed","template":"","meta":{"footnotes":""},"class_list":["post-8787","page","type-page","status-publish","hentry"],"_links":{"self":[{"href":"https:\/\/uf-matasecercal.pt\/index.php\/wp-json\/wp\/v2\/pages\/8787","targetHints":{"allow":["GET"]}}],"collection":[{"href":"https:\/\/uf-matasecercal.pt\/index.php\/wp-json\/wp\/v2\/pages"}],"about":[{"href":"https:\/\/uf-matasecercal.pt\/index.php\/wp-json\/wp\/v2\/types\/page"}],"author":[{"embeddable":true,"href":"https:\/\/uf-matasecercal.pt\/index.php\/wp-json\/wp\/v2\/users\/2"}],"replies":[{"embeddable":true,"href":"https:\/\/uf-matasecercal.pt\/index.php\/wp-json\/wp\/v2\/comments?post=8787"}],"version-history":[{"count":4,"href":"https:\/\/uf-matasecercal.pt\/index.php\/wp-json\/wp\/v2\/pages\/8787\/revisions"}],"predecessor-version":[{"id":18341,"href":"https:\/\/uf-matasecercal.pt\/index.php\/wp-json\/wp\/v2\/pages\/8787\/revisions\/18341"}],"wp:attachment":[{"href":"https:\/\/uf-matasecercal.pt\/index.php\/wp-json\/wp\/v2\/media?parent=8787"}],"curies":[{"name":"wp","href":"https:\/\/api.w.org\/{rel}","templated":true}]}}