{"id":18414,"date":"2024-12-08T11:36:24","date_gmt":"2024-12-08T11:36:24","guid":{"rendered":"https:\/\/uf-matasecercal.pt\/?page_id=18414"},"modified":"2024-12-08T15:43:58","modified_gmt":"2024-12-08T15:43:58","slug":"horarios-e-contactos","status":"publish","type":"page","link":"https:\/\/uf-matasecercal.pt\/index.php\/informacoes\/horarios-e-contactos\/","title":{"rendered":"Hor\u00e1rios e contactos"},"content":{"rendered":"\t\t<div data-elementor-type=\"wp-page\" data-elementor-id=\"18414\" class=\"elementor elementor-18414\" data-elementor-post-type=\"page\">\n\t\t\t\t<div class=\"elementor-element elementor-element-42dcb07 e-con-full e-flex e-con e-parent\" data-id=\"42dcb07\" data-element_type=\"container\">\n\t\t<div class=\"elementor-element elementor-element-8b64365 e-flex e-con-boxed e-con e-child\" data-id=\"8b64365\" data-element_type=\"container\">\n\t\t\t\t\t<div class=\"e-con-inner\">\n\t\t<div class=\"elementor-element elementor-element-b2b9fae e-grid e-con-full e-con e-child\" data-id=\"b2b9fae\" data-element_type=\"container\">\n\t\t\t\t<div class=\"elementor-element elementor-element-5586829 elementor-widget elementor-widget-text-editor\" data-id=\"5586829\" data-element_type=\"widget\" data-widget_type=\"text-editor.default\">\n\t\t\t\t<div class=\"elementor-widget-container\">\n\t\t\t\t\t\t\t<p><strong>Hor\u00e1rio Secretaria &#8211; Matas<\/strong><\/p><p><span style=\"text-decoration: underline;\">Segunda, Ter\u00e7a, Quinta e Sexta<\/span> &#8211; 09h \u00e0s 12h30 e das 14h \u00e0s 17h30<\/p><p><span style=\"text-decoration: underline;\">Quarta<\/span> &#8211; 09h \u00e0s 12h30 e das 14h \u00e0s 18h45m<\/p><p><strong>Tel<\/strong>: 244 733828<\/p><p>\u00a0<\/p><p><strong>Hor\u00e1rio Centro Sa\u00fade &#8211; Matas<\/strong><\/p><p><span style=\"text-decoration: underline;\">M\u00e9dico e administrativa<\/span>:<br \/>Segunda e Quinta &#8211; 8h30 \u00e0s 13h<\/p><p>Enfermeira:<br \/><span style=\"text-decoration: underline;\">Segunda<\/span> &#8211; 09h \u00e0s 13h<br \/><span style=\"text-decoration: underline;\">Ter\u00e7as e Quintas<\/span> &#8211; 09h \u00e0s 13h e das 14h \u00e0s 17h<\/p><p><strong>Tel<\/strong>: 244 739 416<\/p><p>\u00a0<\/p><p><strong>Farm\u00e1cia das Matas<\/strong><\/p><p><span style=\"text-decoration: underline;\">Segunda a Sexta<\/span> &#8211; 09h \u00e0s 12h30 e das 14h \u00e0s 19h<\/p><p><strong>Tel<\/strong>: 249 159 952<\/p><p>\u00a0<\/p><p><strong>Cart\u00f3rio Matas<\/strong><\/p><p><span style=\"text-decoration: underline;\">Sexta-feira<\/span> &#8211; 15h30 \u00e0s 18h<\/p><p>\u00a0<\/p><p><strong>Escola 1\u00ba Ciclo e Jardim Pis\u00e3o \u2013 Matas<\/strong><\/p><p><strong>Tel<\/strong>: 244 733 875<\/p>\t\t\t\t\t\t<\/div>\n\t\t\t\t<\/div>\n\t\t\t\t<div class=\"elementor-element elementor-element-e08362d elementor-widget elementor-widget-text-editor\" data-id=\"e08362d\" data-element_type=\"widget\" data-widget_type=\"text-editor.default\">\n\t\t\t\t<div class=\"elementor-widget-container\">\n\t\t\t\t\t\t\t<p><strong>Hor\u00e1rio Secretaria &#8211; Cercal<\/strong><\/p><p><span style=\"text-decoration: underline;\">Ter\u00e7a e Quinta<\/span> &#8211; 14h \u00e0s 17h<\/p><p><span style=\"text-decoration: underline;\">Quarta<\/span>\u00a0&#8211; 18h \u00e0s 20h<\/p><p><strong>Tel<\/strong>: 249 585 148<\/p><p>\u00a0<\/p><p><strong>Jardim de Inf\u00e2ncia do Cercal<br \/><\/strong><strong>Tel<\/strong>: 249 595 197<\/p><p>\u00a0<\/p><p><strong>Escola 1\u00ba Ciclo Cercal<br \/><\/strong><strong>Tel<\/strong>: 249 585 617<\/p>\t\t\t\t\t\t<\/div>\n\t\t\t\t<\/div>\n\t\t\t\t<\/div>\n\t\t\t\t\t<\/div>\n\t\t\t\t<\/div>\n\t\t\t\t<\/div>\n\t\t\t\t<\/div>\n\t\t","protected":false},"excerpt":{"rendered":"<p>Hor\u00e1rio Secretaria &#8211; Matas Segunda, Ter\u00e7a, Quinta e Sexta &#8211; 09h \u00e0s 12h30 e das 14h \u00e0s 17h30 Quarta &#8211; 09h \u00e0s 12h30 e das 14h \u00e0s 18h45m Tel: 244 733828 \u00a0 Hor\u00e1rio Centro Sa\u00fade &#8211; Matas M\u00e9dico e administrativa:Segunda e Quinta &#8211; 8h30 \u00e0s 13h Enfermeira:Segunda &#8211; 09h \u00e0s 13hTer\u00e7as e Quintas &#8211; 09h&hellip;<\/p>\n","protected":false},"author":2,"featured_media":0,"parent":8787,"menu_order":32,"comment_status":"closed","ping_status":"closed","template":"","meta":{"footnotes":""},"class_list":["post-18414","page","type-page","status-publish","hentry"],"_links":{"self":[{"href":"https:\/\/uf-matasecercal.pt\/index.php\/wp-json\/wp\/v2\/pages\/18414","targetHints":{"allow":["GET"]}}],"collection":[{"href":"https:\/\/uf-matasecercal.pt\/index.php\/wp-json\/wp\/v2\/pages"}],"about":[{"href":"https:\/\/uf-matasecercal.pt\/index.php\/wp-json\/wp\/v2\/types\/page"}],"author":[{"embeddable":true,"href":"https:\/\/uf-matasecercal.pt\/index.php\/wp-json\/wp\/v2\/users\/2"}],"replies":[{"embeddable":true,"href":"https:\/\/uf-matasecercal.pt\/index.php\/wp-json\/wp\/v2\/comments?post=18414"}],"version-history":[{"count":5,"href":"https:\/\/uf-matasecercal.pt\/index.php\/wp-json\/wp\/v2\/pages\/18414\/revisions"}],"predecessor-version":[{"id":18553,"href":"https:\/\/uf-matasecercal.pt\/index.php\/wp-json\/wp\/v2\/pages\/18414\/revisions\/18553"}],"up":[{"embeddable":true,"href":"https:\/\/uf-matasecercal.pt\/index.php\/wp-json\/wp\/v2\/pages\/8787"}],"wp:attachment":[{"href":"https:\/\/uf-matasecercal.pt\/index.php\/wp-json\/wp\/v2\/media?parent=18414"}],"curies":[{"name":"wp","href":"https:\/\/api.w.org\/{rel}","templated":true}]}}