{"id":15198,"date":"2024-05-17T09:57:31","date_gmt":"2024-05-17T09:57:31","guid":{"rendered":"https:\/\/uf-matasecercal.pt\/index.php\/about\/"},"modified":"2025-08-29T22:30:01","modified_gmt":"2025-08-29T22:30:01","slug":"sobre-a-uniao-de-freguesias","status":"publish","type":"page","link":"https:\/\/uf-matasecercal.pt\/index.php\/freguesia\/sobre-a-uniao-de-freguesias\/","title":{"rendered":"Sobre a Uni\u00e3o de Freguesias"},"content":{"rendered":"\t\t<div data-elementor-type=\"wp-page\" data-elementor-id=\"15198\" class=\"elementor elementor-15198\" data-elementor-post-type=\"page\">\n\t\t\t\t<div class=\"elementor-element elementor-element-413ae9f e-con-full e-flex e-con e-parent\" data-id=\"413ae9f\" data-element_type=\"container\">\n\t\t<div class=\"elementor-element elementor-element-fa4fe76 e-flex e-con-boxed e-con e-child\" data-id=\"fa4fe76\" data-element_type=\"container\">\n\t\t\t\t\t<div class=\"e-con-inner\">\n\t\t<div class=\"elementor-element elementor-element-6de48a5 e-con-full e-flex e-con e-child\" data-id=\"6de48a5\" data-element_type=\"container\">\n\t\t\t\t<div class=\"elementor-element elementor-element-516d938 elementor-widget-tablet__width-inherit elementor-widget elementor-widget-the7-heading\" data-id=\"516d938\" data-element_type=\"widget\" data-widget_type=\"the7-heading.default\">\n\t\t\t\t<div class=\"elementor-widget-container\">\n\t\t\t<h2 class=\"the7-heading-title elementor-size-default\">Matas<\/h2>\t\t<\/div>\n\t\t\t\t<\/div>\n\t\t\t\t<div class=\"elementor-element elementor-element-2a20f02 elementor-widget-tablet__width-inherit elementor-widget elementor-widget-text-editor\" data-id=\"2a20f02\" data-element_type=\"widget\" data-widget_type=\"text-editor.default\">\n\t\t\t\t<div class=\"elementor-widget-container\">\n\t\t\t\t\t\t\t<p><strong>Santo Patrono:&nbsp;<\/strong>Nossa Senhora do Patroc\u00ednio<br><strong>Festas e Romarias:&nbsp;<\/strong>Festa de Santo Ant\u00f3nio e Santa Marta (1\u00ba Domingo Julho), Festa de Nossa Senhora do Ros\u00e1rio (3\u00ba Fim-de-semana Agosto)&nbsp;<\/p>\n<p><strong>Locais de Interesse Tur\u00edstico:&nbsp;<\/strong>Moinhos de \u00c1gua, Paisagem Ribeirinha<\/p>\t\t\t\t\t\t<\/div>\n\t\t\t\t<\/div>\n\t\t<div class=\"elementor-element elementor-element-8b0201e e-con-full e-flex e-con e-child\" data-id=\"8b0201e\" data-element_type=\"container\">\n\t\t<div class=\"elementor-element elementor-element-ea30d69 e-con-full e-flex e-con e-child\" data-id=\"ea30d69\" data-element_type=\"container\">\n\t\t\t\t<div class=\"elementor-element elementor-element-484ce05 content-align-left the7-hover-visibility-disabled transform-overlay-yes exceeding-frame-yes elementor-widget elementor-widget-the7-image-widget\" data-id=\"484ce05\" data-element_type=\"widget\" data-settings=\"{&quot;hover_visibility&quot;:&quot;disabled&quot;}\" data-widget_type=\"the7-image-widget.default\">\n\t\t\t\t<div class=\"elementor-widget-container\">\n\t\t\t<div class=\"the7-image-container\"><div class=\"the7-image-wrapper the7-elementor-widget the7-transform-container\"><div class=\"post-thumbnail-rollover layzr-bg img-css-resize-wrapper\"><img decoding=\"async\" width=\"150\" height=\"157\" src=\"data:image\/svg+xml,%3Csvg%20xmlns%3D&#039;http%3A%2F%2Fwww.w3.org%2F2000%2Fsvg&#039;%20viewBox%3D&#039;0%200%20150%20157&#039;%2F%3E\" class=\"attachment-full size-full preload-me aspect lazy lazy-load\" alt=\"\" style=\"--ratio: 150 \/ 157;\" data-src=\"https:\/\/uf-matasecercal.pt\/wp-content\/uploads\/2024\/11\/150px-VNO-matas.png\" loading=\"eager\" \/><\/div><\/div><\/div>\t\t<\/div>\n\t\t\t\t<\/div>\n\t\t\t\t<\/div>\n\t\t<div class=\"elementor-element elementor-element-7bca31b e-con-full e-flex e-con e-child\" data-id=\"7bca31b\" data-element_type=\"container\">\n\t\t\t\t<div class=\"elementor-element elementor-element-e91f259 content-align-left the7-hover-visibility-disabled preserve-img-ratio-cover transform-overlay-yes exceeding-frame-yes elementor-widget elementor-widget-the7-image-widget\" data-id=\"e91f259\" data-element_type=\"widget\" data-settings=\"{&quot;hover_visibility&quot;:&quot;disabled&quot;}\" data-widget_type=\"the7-image-widget.default\">\n\t\t\t\t<div class=\"elementor-widget-container\">\n\t\t\t<div class=\"the7-image-container\"><div class=\"the7-image-wrapper the7-elementor-widget the7-transform-container\"><div class=\"post-thumbnail-rollover layzr-bg img-css-resize-wrapper\"><\/div><\/div><\/div>\t\t<\/div>\n\t\t\t\t<\/div>\n\t\t\t\t<\/div>\n\t\t\t\t<\/div>\n\t\t\t\t<div class=\"elementor-element elementor-element-a03af2e elementor-widget-tablet__width-inherit elementor-widget elementor-widget-text-editor\" data-id=\"a03af2e\" data-element_type=\"widget\" data-widget_type=\"text-editor.default\">\n\t\t\t\t<div class=\"elementor-widget-container\">\n\t\t\t\t\t\t\t<p>O fitotop\u00f3nimo Matas j\u00e1 por si \u00e9 revelador da pronunciada mancha florestal que se abate sobre este territ\u00f3rio f\u00e9rtil. Banhada por v\u00e1rias linhas de \u00e1gua e com posi\u00e7\u00e3o a poente do concelho, esta freguesia \u00e9 uma das mais jovens do concelho, pelo que alcan\u00e7ou autonomia em 1984 por desanexa\u00e7\u00e3o de Espite.<\/p>\n<p>Das encostas vinhateiras, passando pelos pinheirais e at\u00e9 pelos extensos campos de milho, integra desde h\u00e1 muito uma verdadeira economia sustentada pelos proventos da terra. Disso s\u00e3o exemplo as azenhas e os moinhos de rod\u00edzio movidos pela for\u00e7a das \u00e1guas que convidam \u00e0 visita e, porque n\u00e3o, \u00e0 compra de um saco de farinha transformada segundo preceitos artesanais? Mais se recomenda uma visita ao local em Setembro, por altura das desfolhadas.<\/p>\n<p>Existiu em tempos uma capela em honra de N.\u00aa Sr.\u00aa do Patroc\u00ednio \u00e0 qual se associa a lenda de que tendo a imagem da santa sido transferida para Espite, viria a aparecer nas Matas, repetindo-se tal apari\u00e7\u00e3o tantas vezes quantas a imagem fora levada para a ent\u00e3o sede da freguesia.<\/p>\n<p>O culto religioso viria ainda a ser materializado pela constru\u00e7\u00e3o da capela de St.\u00aa Quit\u00e9ria em 1777 e da capela da Vesparia tamb\u00e9m no s\u00e9c. XVIII; dois im\u00f3veis que hoje, embora com altera\u00e7\u00f5es, continuam a servir os crentes e a receber visitas. E se por um lado a devo\u00e7\u00e3o da popula\u00e7\u00e3o \u00e9 antiga, a eleva\u00e7\u00e3o can\u00f3nica da freguesia era confirmada somente em 1993.<\/p>\n<p>Matas partilha ainda com outras freguesias o belo cen\u00e1rio oferecido pelo Cabe\u00e7o de \u00d3bidos, que segundo o imagin\u00e1rio coletivo, estava destinado a acolher o castelo que acabaria por se alojar num morro em Our\u00e9m.<\/p>\n<p>A recente eleva\u00e7\u00e3o de Matas a freguesia n\u00e3o a desencorajou de nos \u00faltimos anos conquistar, juntamente com a autarquia, postos de trabalho pela cria\u00e7\u00e3o de empresas e um importante conjunto de equipamentos que viriam a beneficiar as suas gentes.<\/p>\t\t\t\t\t\t<\/div>\n\t\t\t\t<\/div>\n\t\t\t\t<\/div>\n\t\t<div class=\"elementor-element elementor-element-c5883a1 e-con-full e-flex e-con e-child\" data-id=\"c5883a1\" data-element_type=\"container\">\n\t\t\t\t<div class=\"elementor-element elementor-element-d2661bc elementor-widget-tablet__width-inherit elementor-widget elementor-widget-the7-heading\" data-id=\"d2661bc\" data-element_type=\"widget\" data-widget_type=\"the7-heading.default\">\n\t\t\t\t<div class=\"elementor-widget-container\">\n\t\t\t<h2 class=\"the7-heading-title elementor-size-default\">Cercal<\/h2>\t\t<\/div>\n\t\t\t\t<\/div>\n\t\t\t\t<div class=\"elementor-element elementor-element-fe240c0 elementor-widget-tablet__width-inherit elementor-widget elementor-widget-text-editor\" data-id=\"fe240c0\" data-element_type=\"widget\" data-widget_type=\"text-editor.default\">\n\t\t\t\t<div class=\"elementor-widget-container\">\n\t\t\t\t\t\t\t<p><strong>Santo Patrono:\u00a0<\/strong>Nossa Senhora de F\u00e1tima<br \/><strong>Festas e Romarias:\u00a0<\/strong>Festa de Santo Ant\u00f3nio (Fevereiro-Domingo magro), Festa do Sagrado Cora\u00e7\u00e3o de Maria (3\u00ba Domingo de Maio)<br \/><strong>Locais de Interesse Tur\u00edstico:\u00a0<\/strong>Capela de Ninho\u00a0D\u2019\u00c1guia (S\u00e9c. XVII).<\/p>\t\t\t\t\t\t<\/div>\n\t\t\t\t<\/div>\n\t\t<div class=\"elementor-element elementor-element-97ac0cb e-con-full e-flex e-con e-child\" data-id=\"97ac0cb\" data-element_type=\"container\">\n\t\t<div class=\"elementor-element elementor-element-eb2e650 e-con-full e-flex e-con e-child\" data-id=\"eb2e650\" data-element_type=\"container\">\n\t\t\t\t<div class=\"elementor-element elementor-element-ddab1d4 content-align-left the7-hover-visibility-disabled transform-overlay-yes exceeding-frame-yes elementor-widget elementor-widget-the7-image-widget\" data-id=\"ddab1d4\" data-element_type=\"widget\" data-settings=\"{&quot;hover_visibility&quot;:&quot;disabled&quot;}\" data-widget_type=\"the7-image-widget.default\">\n\t\t\t\t<div class=\"elementor-widget-container\">\n\t\t\t<div class=\"the7-image-container\"><div class=\"the7-image-wrapper the7-elementor-widget the7-transform-container\"><div class=\"post-thumbnail-rollover layzr-bg img-css-resize-wrapper\"><img fetchpriority=\"high\" decoding=\"async\" width=\"1280\" height=\"1361\" src=\"data:image\/svg+xml,%3Csvg%20xmlns%3D&#039;http%3A%2F%2Fwww.w3.org%2F2000%2Fsvg&#039;%20viewBox%3D&#039;0%200%201280%201361&#039;%2F%3E\" class=\"attachment-full size-full preload-me aspect lazy lazy-load\" alt=\"\" sizes=\"(max-width: 1280px) 100vw, 1280px\" style=\"--ratio: 1280 \/ 1361;\" data-src=\"https:\/\/uf-matasecercal.pt\/wp-content\/uploads\/2024\/11\/Blason_ville_pt_Cercal_Ourem.svg_.png\" loading=\"eager\" data-srcset=\"https:\/\/uf-matasecercal.pt\/wp-content\/uploads\/2024\/11\/Blason_ville_pt_Cercal_Ourem.svg_.png 1280w, https:\/\/uf-matasecercal.pt\/wp-content\/uploads\/2024\/11\/Blason_ville_pt_Cercal_Ourem.svg_-282x300.png 282w, https:\/\/uf-matasecercal.pt\/wp-content\/uploads\/2024\/11\/Blason_ville_pt_Cercal_Ourem.svg_-963x1024.png 963w, https:\/\/uf-matasecercal.pt\/wp-content\/uploads\/2024\/11\/Blason_ville_pt_Cercal_Ourem.svg_-768x817.png 768w\" \/><\/div><\/div><\/div>\t\t<\/div>\n\t\t\t\t<\/div>\n\t\t\t\t<\/div>\n\t\t<div class=\"elementor-element elementor-element-cc9557f e-con-full e-flex e-con e-child\" data-id=\"cc9557f\" data-element_type=\"container\">\n\t\t\t\t<div class=\"elementor-element elementor-element-09c3039 content-align-left the7-hover-visibility-disabled preserve-img-ratio-cover transform-overlay-yes exceeding-frame-yes elementor-widget elementor-widget-the7-image-widget\" data-id=\"09c3039\" data-element_type=\"widget\" data-settings=\"{&quot;hover_visibility&quot;:&quot;disabled&quot;}\" data-widget_type=\"the7-image-widget.default\">\n\t\t\t\t<div class=\"elementor-widget-container\">\n\t\t\t<div class=\"the7-image-container\"><div class=\"the7-image-wrapper the7-elementor-widget the7-transform-container\"><div class=\"post-thumbnail-rollover layzr-bg img-css-resize-wrapper\"><img decoding=\"async\" width=\"420\" height=\"300\" src=\"data:image\/svg+xml,%3Csvg%20xmlns%3D&#039;http%3A%2F%2Fwww.w3.org%2F2000%2Fsvg&#039;%20viewBox%3D&#039;0%200%20420%20300&#039;%2F%3E\" class=\"attachment-full size-full preload-me aspect lazy lazy-load\" alt=\"\" sizes=\"(max-width: 420px) 100vw, 420px\" style=\"--ratio: 420 \/ 300;\" data-src=\"https:\/\/uf-matasecercal.pt\/wp-content\/uploads\/2024\/11\/cercal-localidade.jpg\" loading=\"eager\" data-srcset=\"https:\/\/uf-matasecercal.pt\/wp-content\/uploads\/2024\/11\/cercal-localidade.jpg 420w, https:\/\/uf-matasecercal.pt\/wp-content\/uploads\/2024\/11\/cercal-localidade-300x214.jpg 300w\" \/><\/div><\/div><\/div>\t\t<\/div>\n\t\t\t\t<\/div>\n\t\t\t\t<\/div>\n\t\t\t\t<\/div>\n\t\t\t\t<div class=\"elementor-element elementor-element-585a449 elementor-widget-tablet__width-inherit elementor-widget elementor-widget-text-editor\" data-id=\"585a449\" data-element_type=\"widget\" data-widget_type=\"text-editor.default\">\n\t\t\t\t<div class=\"elementor-widget-container\">\n\t\t\t\t\t\t\t<p align=\"justify\">\u00c9 uma das freguesias mais jovens do concelho, tendo conquistado a autonomia somente em 1984, ap\u00f3s a desanexa\u00e7\u00e3o de Espite. Por\u00e9m, exprime uma capacidade de trabalho e iniciativa exemplares.<\/p>\n<p>A presen\u00e7a humana por essas terras remonta pelo menos a tempos romanos, a avaliar pela descoberta de uma esta\u00e7\u00e3o romana no lugar da Abelheira, uma ocupa\u00e7\u00e3o facilmente justificada pela assiduidade de encostas soalheiras, vales protegidos e terrenos irrigados.<\/p>\n<p>O lugar de Ninho de \u00c1guia combina um misto de hist\u00f3ria e fantasia que orgulha as suas gentes e fascina o visitante: a hist\u00f3ria sobrevive materializada pela Capela do Ninho de \u00c1guia, que ap\u00f3s a funda\u00e7\u00e3o em 1639, viria a ser alvo de saque e destrui\u00e7\u00e3o por parte das invas\u00f5es francesas; a recupera\u00e7\u00e3o em 1868 devolveu-lhe a dignidade, sendo esta refor\u00e7ada recentemente com novas obras de restauro. O top\u00f3nimo em si, persiste envolvido pela lenda de um menino que ter\u00e1 sido resgatado por uma \u00e1guia\u2026 conto esse que alimenta uma liga\u00e7\u00e3o entre Cercal e Sei\u00e7a, ainda que somente no campo do imagin\u00e1rio coletivo.<\/p>\n<p>Cercal partilha ainda com outras freguesias um dos miradouros mais elevados e deleit\u00e1veis do concelho, o Cabe\u00e7o de \u00d3bidos, elevado 370 m. acima do n\u00edvel m\u00e9dio das \u00e1guas do mar, de onde se pode contemplar a fisionomia geral do concelho.<\/p>\n<p>A economia local faz-se representar pela pluralidade de atividades ligadas ao sector prim\u00e1rio e \u00e0 ind\u00fastria. Note-se que a silvicultura ocupa elevadas extens\u00f5es da \u00e1rea da freguesia, ao ponto de atuar simultaneamente como um dos principais \u00abpulm\u00f5es\u00bb do munic\u00edpio.<\/p>\n<p>Os equipamentos de apoio social, esses ganham forma a um ritmo saud\u00e1vel e v\u00e3o garantindo uma capacidade de resposta \u00e0s necessidades dos utentes. Tamb\u00e9m os espa\u00e7os desportivos e aptos a servir o lazer ocupam uma posi\u00e7\u00e3o importante na freguesia, pelo que fomentam a coes\u00e3o da comunidade.<\/p>\n<p>Atravessada pela a Estrada 505, uma das principais vias municipais, Cercal \u00e9 hoje uma freguesia que se d\u00e1 a descobrir.<\/p>\t\t\t\t\t\t<\/div>\n\t\t\t\t<\/div>\n\t\t\t\t<\/div>\n\t\t\t\t\t<\/div>\n\t\t\t\t<\/div>\n\t\t\t\t<\/div>\n\t\t\t\t<\/div>\n\t\t","protected":false},"excerpt":{"rendered":"<p>Matas Santo Patrono:&nbsp;Nossa Senhora do Patroc\u00ednioFestas e Romarias:&nbsp;Festa de Santo Ant\u00f3nio e Santa Marta (1\u00ba Domingo Julho), Festa de Nossa Senhora do Ros\u00e1rio (3\u00ba Fim-de-semana Agosto)&nbsp; Locais de Interesse Tur\u00edstico:&nbsp;Moinhos de \u00c1gua, Paisagem Ribeirinha O fitotop\u00f3nimo Matas j\u00e1 por si \u00e9 revelador da pronunciada mancha florestal que se abate sobre este territ\u00f3rio f\u00e9rtil. Banhada por&hellip;<\/p>\n","protected":false},"author":2,"featured_media":0,"parent":18388,"menu_order":1,"comment_status":"closed","ping_status":"closed","template":"","meta":{"footnotes":""},"class_list":["post-15198","page","type-page","status-publish","hentry"],"_links":{"self":[{"href":"https:\/\/uf-matasecercal.pt\/index.php\/wp-json\/wp\/v2\/pages\/15198","targetHints":{"allow":["GET"]}}],"collection":[{"href":"https:\/\/uf-matasecercal.pt\/index.php\/wp-json\/wp\/v2\/pages"}],"about":[{"href":"https:\/\/uf-matasecercal.pt\/index.php\/wp-json\/wp\/v2\/types\/page"}],"author":[{"embeddable":true,"href":"https:\/\/uf-matasecercal.pt\/index.php\/wp-json\/wp\/v2\/users\/2"}],"replies":[{"embeddable":true,"href":"https:\/\/uf-matasecercal.pt\/index.php\/wp-json\/wp\/v2\/comments?post=15198"}],"version-history":[{"count":20,"href":"https:\/\/uf-matasecercal.pt\/index.php\/wp-json\/wp\/v2\/pages\/15198\/revisions"}],"predecessor-version":[{"id":18628,"href":"https:\/\/uf-matasecercal.pt\/index.php\/wp-json\/wp\/v2\/pages\/15198\/revisions\/18628"}],"up":[{"embeddable":true,"href":"https:\/\/uf-matasecercal.pt\/index.php\/wp-json\/wp\/v2\/pages\/18388"}],"wp:attachment":[{"href":"https:\/\/uf-matasecercal.pt\/index.php\/wp-json\/wp\/v2\/media?parent=15198"}],"curies":[{"name":"wp","href":"https:\/\/api.w.org\/{rel}","templated":true}]}}